{"id":1441,"date":"2023-10-09T09:02:28","date_gmt":"2023-10-09T14:02:28","guid":{"rendered":"https:\/\/utower.mx\/?page_id=1441"},"modified":"2025-12-01T17:56:03","modified_gmt":"2025-12-01T22:56:03","slug":"faq","status":"publish","type":"page","link":"https:\/\/utower.mx\/en\/faq\/","title":{"rendered":"FAQ"},"content":{"rendered":"<div data-elementor-type=\"wp-page\" data-elementor-id=\"1441\" class=\"elementor elementor-1441\" data-elementor-post-type=\"page\">\n\t\t\t\t\t\t\t\t\t<section class=\"elementor-section elementor-top-section elementor-element elementor-element-861b35b elementor-section-boxed elementor-section-height-default elementor-section-height-default\" data-id=\"861b35b\" data-element_type=\"section\">\n\t\t\t\t\t\t<div class=\"elementor-container elementor-column-gap-no\">\n\t\t\t\t\t<div class=\"elementor-column elementor-col-100 elementor-top-column elementor-element elementor-element-de665cf\" data-id=\"de665cf\" data-element_type=\"column\">\n\t\t\t<div class=\"elementor-widget-wrap elementor-element-populated\">\n\t\t\t\t\t\t\t\t<section class=\"elementor-section elementor-inner-section elementor-element elementor-element-0c2f0aa elementor-section-full_width elementor-section-height-default elementor-section-height-default\" data-id=\"0c2f0aa\" data-element_type=\"section\">\n\t\t\t\t\t\t<div class=\"elementor-container elementor-column-gap-no\">\n\t\t\t\t\t<div class=\"elementor-column elementor-col-100 elementor-inner-column elementor-element elementor-element-34506fc\" data-id=\"34506fc\" data-element_type=\"column\">\n\t\t\t<div class=\"elementor-widget-wrap elementor-element-populated\">\n\t\t\t\t\t\t\t\t<div class=\"elementor-element elementor-element-02893e7 elementor-widget elementor-widget-wpo-suqat_title\" data-id=\"02893e7\" data-element_type=\"widget\" data-widget_type=\"wpo-suqat_title.default\">\n\t\t\t\t<div class=\"elementor-widget-container\">\n\t\t\t\t\t<div class=\"container\">\n\t\t\t<div class=\"row justify-content-center\">\n\t        <div class=\"col-lg-8\">\n\t            <div class=\"wpo-section-title\">\n\t               <h2>Questions <span>frequent<\/span><\/h2>\t            <\/div>\n\t        <\/div>\n\t    <\/div>\n    <\/div>\n\t\t \t\t\t<\/div>\n\t\t\t\t<\/div>\n\t\t\t\t\t<\/div>\n\t\t<\/div>\n\t\t\t\t\t\t\t<\/div>\n\t\t<\/section>\n\t\t\t\t<section class=\"elementor-section elementor-inner-section elementor-element elementor-element-cea3cff elementor-section-full_width elementor-section-height-default elementor-section-height-default\" data-id=\"cea3cff\" data-element_type=\"section\">\n\t\t\t\t\t\t<div class=\"elementor-container elementor-column-gap-no\">\n\t\t\t\t\t<div class=\"elementor-column elementor-col-50 elementor-inner-column elementor-element elementor-element-9ef344a\" data-id=\"9ef344a\" data-element_type=\"column\">\n\t\t\t<div class=\"elementor-widget-wrap elementor-element-populated\">\n\t\t\t\t\t\t\t\t<div class=\"elementor-element elementor-element-e5249dc elementor-hidden-mobile elementor-widget elementor-widget-image\" data-id=\"e5249dc\" data-element_type=\"widget\" data-widget_type=\"image.default\">\n\t\t\t\t<div class=\"elementor-widget-container\">\n\t\t\t<style>\/*! elementor - v3.17.0 - 25-10-2023 *\/\n.elementor-widget-image{text-align:center}.elementor-widget-image a{display:inline-block}.elementor-widget-image a img[src$=\".svg\"]{width:48px}.elementor-widget-image img{vertical-align:middle;display:inline-block}<\/style>\t\t\t\t\t\t\t\t\t\t\t\t<img loading=\"lazy\" decoding=\"async\" width=\"475\" height=\"1024\" src=\"https:\/\/utower.mx\/wp-content\/uploads\/2023\/11\/480-x-1035-475x1024.png\" class=\"attachment-large size-large wp-image-2369\" alt=\"\" srcset=\"https:\/\/utower.mx\/wp-content\/uploads\/2023\/11\/480-x-1035-475x1024.png 475w, https:\/\/utower.mx\/wp-content\/uploads\/2023\/11\/480-x-1035-139x300.png 139w, https:\/\/utower.mx\/wp-content\/uploads\/2023\/11\/480-x-1035-6x12.png 6w, https:\/\/utower.mx\/wp-content\/uploads\/2023\/11\/480-x-1035-70x150.png 70w, https:\/\/utower.mx\/wp-content\/uploads\/2023\/11\/480-x-1035.png 481w\" sizes=\"auto, (max-width: 475px) 100vw, 475px\" \/>\t\t\t\t\t\t\t\t\t\t\t\t\t\t\t<\/div>\n\t\t\t\t<\/div>\n\t\t\t\t\t<\/div>\n\t\t<\/div>\n\t\t\t\t<div class=\"elementor-column elementor-col-50 elementor-inner-column elementor-element elementor-element-8cc3745\" data-id=\"8cc3745\" data-element_type=\"column\">\n\t\t\t<div class=\"elementor-widget-wrap elementor-element-populated\">\n\t\t\t\t\t\t\t\t<div class=\"elementor-element elementor-element-6007825 elementor-widget elementor-widget-wpo-suqat_accordion\" data-id=\"6007825\" data-element_type=\"widget\" data-widget_type=\"wpo-suqat_accordion.default\">\n\t\t\t\t<div class=\"elementor-widget-container\">\n\t\t\t\t\t<div class=\"wpo-faq-section\">\n\t\t\t<div class=\"accordion\" id=\"accordionExample\">\n\t\t\t\t\t\t\t\t\t\t<div class=\"accordion-item\">\n\t\t\t\t\t\t\t<h3 class=\"accordion-header\" id=\"heading269e4ed9275208\"><button class=\"accordion-button\" type=\"button\" data-bs-toggle=\"collapse\" data-bs-target=\"#collapse269e4ed9275208\" aria-expanded=\"true\" aria-controls=\"collapse269e4ed9275208\">\n\t              1. What is included in the cost of the rent? <\/button><\/h3>\t\t\t\t\t\t\t\t<div id=\"collapse269e4ed9275208\" class=\"accordion-collapse collapse show\" aria-labelledby=\"heading269e4ed9275208\" data-bs-parent=\"#accordionExample\">\n\t\t\t\t\t\t\t\t\t<div class=\"accordion-body\">\n\t\t\t\t\t\t\t\t\t\t<p>El costo del alquiler incluye: suministros b\u00e1sicos (gas, electricidad y agua), mobiliario, electrodom\u00e9sticos, conexi\u00f3n a Internet (WiFi), y acceso a todas las \u00e1reas comunes como: Recepci\u00f3n, Cafeter\u00eda, Gimnasio, Terraza con asadores, Coworking y Lavander\u00eda.<\/p>\t\t\t\t\t\t\t\t\t<\/div>\n\t\t\t\t\t\t\t\t<\/div>\n\t\t\t\t\t\t\t\t\t\t\t\t\t<\/div>\n\t\t\t\t\t\t\t\t\t\t<div class=\"accordion-item\">\n\t\t\t\t\t\t\t<h3 class=\"accordion-header\" id=\"heading369e4ed9275208\"><button class=\"accordion-button collapsed\" type=\"button\" data-bs-toggle=\"collapse\" data-bs-target=\"#collapse369e4ed9275208\" aria-expanded=\"true\" aria-controls=\"collapse369e4ed9275208\">\n\t              2. Do I need to rent the full apartment, or should I look for roomies? <\/button><\/h3>\t\t\t\t\t\t\t\t<div id=\"collapse369e4ed9275208\" class=\"accordion-collapse collapse\" aria-labelledby=\"heading369e4ed9275208\" data-bs-parent=\"#accordionExample\">\n\t\t\t\t\t\t\t\t\t<div class=\"accordion-body\">\n\t\t\t\t\t\t\t\t\t\t<p>Don&#039;t worry! Our model&#039;s rent is per bed. UTower will manage the assignments of people with whom you share your department. This means that if one of your teammates is removed, your fee remains. You will not have to worry about looking for new roomies.<\/p>\t\t\t\t\t\t\t\t\t<\/div>\n\t\t\t\t\t\t\t\t<\/div>\n\t\t\t\t\t\t\t\t\t\t\t\t\t<\/div>\n\t\t\t\t\t\t\t\t\t\t<div class=\"accordion-item\">\n\t\t\t\t\t\t\t<h3 class=\"accordion-header\" id=\"heading469e4ed9275208\"><button class=\"accordion-button collapsed\" type=\"button\" data-bs-toggle=\"collapse\" data-bs-target=\"#collapse469e4ed9275208\" aria-expanded=\"true\" aria-controls=\"collapse469e4ed9275208\">\n\t              3. Does my department comes furnished? <\/button><\/h3>\t\t\t\t\t\t\t\t<div id=\"collapse469e4ed9275208\" class=\"accordion-collapse collapse\" aria-labelledby=\"heading469e4ed9275208\" data-bs-parent=\"#accordionExample\">\n\t\t\t\t\t\t\t\t\t<div class=\"accordion-body\">\n\t\t\t\t\t\t\t\t\t\t<p>\u00a1Claro que s\u00ed! El departamento ya viene con todos los muebles que necesitas: cama, cl\u00f3set, bur\u00f3, silla y escritorio, persianas black out, mesa del comedor, sillas, sof\u00e1, mini split, microondas, refrigerador \u00a1y m\u00e1s! Est\u00e1 listo para que te sientas en casa desde el primer momento.<\/p>\t\t\t\t\t\t\t\t\t<\/div>\n\t\t\t\t\t\t\t\t<\/div>\n\t\t\t\t\t\t\t\t\t\t\t\t\t<\/div>\n\t\t\t\t\t\t\t\t\t\t<div class=\"accordion-item\">\n\t\t\t\t\t\t\t<h3 class=\"accordion-header\" id=\"heading569e4ed9275208\"><button class=\"accordion-button collapsed\" type=\"button\" data-bs-toggle=\"collapse\" data-bs-target=\"#collapse569e4ed9275208\" aria-expanded=\"true\" aria-controls=\"collapse569e4ed9275208\">\n\t              4. \u00bfEst\u00e1 permitido recibir visitas en el departamento? <\/button><\/h3>\t\t\t\t\t\t\t\t<div id=\"collapse569e4ed9275208\" class=\"accordion-collapse collapse\" aria-labelledby=\"heading569e4ed9275208\" data-bs-parent=\"#accordionExample\">\n\t\t\t\t\t\t\t\t\t<div class=\"accordion-body\">\n\t\t\t\t\t\t\t\t\t\t<p>\u00a1Oh, yes! At the reception, you&#039;ll be able to record the entry of your guests in a simple, safe and fast.<\/p>\t\t\t\t\t\t\t\t\t<\/div>\n\t\t\t\t\t\t\t\t<\/div>\n\t\t\t\t\t\t\t\t\t\t\t\t\t<\/div>\n\t\t\t\t\t\t\t\t\t\t<div class=\"accordion-item\">\n\t\t\t\t\t\t\t<h3 class=\"accordion-header\" id=\"heading669e4ed9275208\"><button class=\"accordion-button collapsed\" type=\"button\" data-bs-toggle=\"collapse\" data-bs-target=\"#collapse669e4ed9275208\" aria-expanded=\"true\" aria-controls=\"collapse669e4ed9275208\">\n\t              5. \u00bfCu\u00e1l es el la duraci\u00f3n del contrato de renta? <\/button><\/h3>\t\t\t\t\t\t\t\t<div id=\"collapse669e4ed9275208\" class=\"accordion-collapse collapse\" aria-labelledby=\"heading669e4ed9275208\" data-bs-parent=\"#accordionExample\">\n\t\t\t\t\t\t\t\t\t<div class=\"accordion-body\">\n\t\t\t\t\t\t\t\t\t\t<p>We also give you flexible options, contracts for 6 to 12 months depending on your need. Yes, remember that if you choose a longer contract, you will also get a fee chida!<\/p>\t\t\t\t\t\t\t\t\t<\/div>\n\t\t\t\t\t\t\t\t<\/div>\n\t\t\t\t\t\t\t\t\t\t\t\t\t<\/div>\n\t\t\t\t\t\t\t\t\t\t<div class=\"accordion-item\">\n\t\t\t\t\t\t\t<h3 class=\"accordion-header\" id=\"heading769e4ed9275208\"><button class=\"accordion-button collapsed\" type=\"button\" data-bs-toggle=\"collapse\" data-bs-target=\"#collapse769e4ed9275208\" aria-expanded=\"true\" aria-controls=\"collapse769e4ed9275208\">\n\t              6. \u00bfLas mascotas est\u00e1n permitidas? <\/button><\/h3>\t\t\t\t\t\t\t\t<div id=\"collapse769e4ed9275208\" class=\"accordion-collapse collapse\" aria-labelledby=\"heading769e4ed9275208\" data-bs-parent=\"#accordionExample\">\n\t\t\t\t\t\t\t\t\t<div class=\"accordion-body\">\n\t\t\t\t\t\t\t\t\t\t<p>We love animals! But for the moment we do not support any kind of pet.<\/p>\t\t\t\t\t\t\t\t\t<\/div>\n\t\t\t\t\t\t\t\t<\/div>\n\t\t\t\t\t\t\t\t\t\t\t\t\t<\/div>\n\t\t\t\t\t\t\t\t\t\t<div class=\"accordion-item\">\n\t\t\t\t\t\t\t<h3 class=\"accordion-header\" id=\"heading869e4ed9275208\"><button class=\"accordion-button collapsed\" type=\"button\" data-bs-toggle=\"collapse\" data-bs-target=\"#collapse869e4ed9275208\" aria-expanded=\"true\" aria-controls=\"collapse869e4ed9275208\">\n\t              7. \u00bfCu\u00e1les son los pasos a seguir si tengo inter\u00e9s y deseo obtener m\u00e1s  detalles?<\/button><\/h3>\t\t\t\t\t\t\t\t<div id=\"collapse869e4ed9275208\" class=\"accordion-collapse collapse\" aria-labelledby=\"heading869e4ed9275208\" data-bs-parent=\"#accordionExample\">\n\t\t\t\t\t\t\t\t\t<div class=\"accordion-body\">\n\t\t\t\t\t\t\t\t\t\t<p>\u00a1S\u00faper f\u00e1cil! Solo debes llamarnos o escribirnos por WhatsApp al (+55) 81 1020 3641.<br \/>Si quieres visitarnos, nos encuentras en Av. Don Luis G. Sada #202, Colonia Regina, 64500 Monterrey, N.L., en los siguientes horarios: Lunes a Viernes de 9:00 a.m. a 5:00 p.m.<\/p>\t\t\t\t\t\t\t\t\t<\/div>\n\t\t\t\t\t\t\t\t<\/div>\n\t\t\t\t\t\t\t\t\t\t\t\t\t<\/div>\n\t\t\t\t\t\t\t\t\t\t<div class=\"accordion-item\">\n\t\t\t\t\t\t\t<h3 class=\"accordion-header\" id=\"heading969e4ed9275208\"><button class=\"accordion-button collapsed\" type=\"button\" data-bs-toggle=\"collapse\" data-bs-target=\"#collapse969e4ed9275208\" aria-expanded=\"true\" aria-controls=\"collapse969e4ed9275208\">\n\t              8. \u00bfQu\u00e9 tipo de alojamiento proporciona UTower? <\/button><\/h3>\t\t\t\t\t\t\t\t<div id=\"collapse969e4ed9275208\" class=\"accordion-collapse collapse\" aria-labelledby=\"heading969e4ed9275208\" data-bs-parent=\"#accordionExample\">\n\t\t\t\t\t\t\t\t\t<div class=\"accordion-body\">\n\t\t\t\t\t\t\t\t\t\t<p>En UTower te brindamos distintas opciones para alojarte seg\u00fan tus necesidades. Puedes tener tu propio espacio o compartir con hasta 6 compa\u00f1eros en un departamento. Actualmente contamos con alternativas desde $6,250 por contratos de 12 meses. \u00a1T\u00fa eliges c\u00f3mo vivir!<\/p>\t\t\t\t\t\t\t\t\t<\/div>\n\t\t\t\t\t\t\t\t<\/div>\n\t\t\t\t\t\t\t\t\t\t\t\t\t<\/div>\n\t\t\t\t\t\t\t\t\t\t<div class=\"accordion-item\">\n\t\t\t\t\t\t\t<h3 class=\"accordion-header\" id=\"heading1069e4ed9275208\"><button class=\"accordion-button collapsed\" type=\"button\" data-bs-toggle=\"collapse\" data-bs-target=\"#collapse1069e4ed9275208\" aria-expanded=\"true\" aria-controls=\"collapse1069e4ed9275208\">\n\t              9. \u00bfQu\u00e9 medidas de seguridad implementa UTower en sus instalaciones? <\/button><\/h3>\t\t\t\t\t\t\t\t<div id=\"collapse1069e4ed9275208\" class=\"accordion-collapse collapse\" aria-labelledby=\"heading1069e4ed9275208\" data-bs-parent=\"#accordionExample\">\n\t\t\t\t\t\t\t\t\t<div class=\"accordion-body\">\n\t\t\t\t\t\t\t\t\t\t<p>Tu seguridad y la del edificio es siempre prioridad en UTOWER. Contamos con seguridad propia las 24 horas, los 7 d\u00edas de la semana. Controles de acceso para el acceso al edificio, a las zonas comunes y cerradura de clave<br \/>para el ingreso a los departamentos. Tambi\u00e9n contamos con c\u00e1maras de seguridad en todas las \u00e1reas comunes.<\/p>\t\t\t\t\t\t\t\t\t<\/div>\n\t\t\t\t\t\t\t\t<\/div>\n\t\t\t\t\t\t\t\t\t\t\t\t\t<\/div>\n\t\t\t\t\t\t\t\t\t\t<div class=\"accordion-item\">\n\t\t\t\t\t\t\t<h3 class=\"accordion-header\" id=\"heading1169e4ed9275208\"><button class=\"accordion-button collapsed\" type=\"button\" data-bs-toggle=\"collapse\" data-bs-target=\"#collapse1169e4ed9275208\" aria-expanded=\"true\" aria-controls=\"collapse1169e4ed9275208\">\n\t              10. \u00bfQu\u00e9 pasa si quiero cancelar mi contrato antes de tiempo? <\/button><\/h3>\t\t\t\t\t\t\t\t<div id=\"collapse1169e4ed9275208\" class=\"accordion-collapse collapse\" aria-labelledby=\"heading1169e4ed9275208\" data-bs-parent=\"#accordionExample\">\n\t\t\t\t\t\t\t\t\t<div class=\"accordion-body\">\n\t\t\t\t\t\t\t\t\t\t<p>If for some reason you have to cancel the contract, we give you the possibility of making a contract of assignment if you have someone else to occupy your place. Otherwise, you will have to make a compensation to UTOWER according to the lease agreement.<\/p>\t\t\t\t\t\t\t\t\t<\/div>\n\t\t\t\t\t\t\t\t<\/div>\n\t\t\t\t\t\t\t\t\t\t\t\t\t<\/div>\n\t\t\t\t\t\t\t\t\t\t<div class=\"accordion-item\">\n\t\t\t\t\t\t\t<h3 class=\"accordion-header\" id=\"heading1269e4ed9275208\"><button class=\"accordion-button collapsed\" type=\"button\" data-bs-toggle=\"collapse\" data-bs-target=\"#collapse1269e4ed9275208\" aria-expanded=\"true\" aria-controls=\"collapse1269e4ed9275208\">\n\t              11. \u00bfQu\u00e9 requisitos necesito para rentar? <\/button><\/h3>\t\t\t\t\t\t\t\t<div id=\"collapse1269e4ed9275208\" class=\"accordion-collapse collapse\" aria-labelledby=\"heading1269e4ed9275208\" data-bs-parent=\"#accordionExample\">\n\t\t\t\t\t\t\t\t\t<div class=\"accordion-body\">\n\t\t\t\t\t\t\t\t\t\t<p><strong>Para separar tu lugar solo necesitas:<\/strong><\/p><ul><li>Realizar un pago de $500<\/li><li>Contestar el formulario que enviar\u00e1 tu asesor<\/li><li>Enviar la siguiente papeler\u00eda:<\/li><li>Identificaci\u00f3n oficial<\/li><li>CURP<\/li><li>Comprobante de ingreso<\/li><li>Comprobante de domicilio<\/li><li>Realizar los pagos correspondientes<\/li><\/ul>\t\t\t\t\t\t\t\t\t<\/div>\n\t\t\t\t\t\t\t\t<\/div>\n\t\t\t\t\t\t\t\t\t\t\t\t\t<\/div>\n\t\t\t\t\t\t\t<\/div>\n\t\t<\/div>\n\t\t<\/div>\n\t\t\t\t<\/div>\n\t\t\t\t\t<\/div>\n\t\t<\/div>\n\t\t\t\t\t\t\t<\/div>\n\t\t<\/section>\n\t\t\t\t\t<\/div>\n\t\t<\/div>\n\t\t\t\t\t\t\t<\/div>\n\t\t<\/section>\n\t\t<div class=\"elementor-element elementor-element-864f305 elementor-hidden-desktop elementor-hidden-tablet e-flex e-con-boxed e-con e-parent\" data-id=\"864f305\" data-element_type=\"container\" data-settings=\"{&quot;content_width&quot;:&quot;boxed&quot;}\" data-core-v316-plus=\"true\">\n\t\t\t\t\t<div class=\"e-con-inner\">\n\t\t\t\t<div class=\"elementor-element elementor-element-63eadff elementor-widget elementor-widget-image\" data-id=\"63eadff\" data-element_type=\"widget\" data-widget_type=\"image.default\">\n\t\t\t\t<div class=\"elementor-widget-container\">\n\t\t\t\t\t\t\t\t\t\t\t\t\t\t\t<img loading=\"lazy\" decoding=\"async\" width=\"475\" height=\"1024\" src=\"https:\/\/utower.mx\/wp-content\/uploads\/2023\/11\/480-x-1035-475x1024.png\" class=\"attachment-large size-large wp-image-2369\" alt=\"\" srcset=\"https:\/\/utower.mx\/wp-content\/uploads\/2023\/11\/480-x-1035-475x1024.png 475w, https:\/\/utower.mx\/wp-content\/uploads\/2023\/11\/480-x-1035-139x300.png 139w, https:\/\/utower.mx\/wp-content\/uploads\/2023\/11\/480-x-1035-6x12.png 6w, https:\/\/utower.mx\/wp-content\/uploads\/2023\/11\/480-x-1035-70x150.png 70w, https:\/\/utower.mx\/wp-content\/uploads\/2023\/11\/480-x-1035.png 481w\" sizes=\"auto, (max-width: 475px) 100vw, 475px\" \/>\t\t\t\t\t\t\t\t\t\t\t\t\t\t\t<\/div>\n\t\t\t\t<\/div>\n\t\t\t\t\t<\/div>\n\t\t\t\t<\/div>\n\t\t\t\t\t\t\t<\/div>","protected":false},"excerpt":{"rendered":"Preguntas frecuentes 1. \u00bfQu\u00e9 incluye el costo de la renta? El costo del alquiler incluye: suministros b\u00e1sicos (gas, electricidad y agua), mobiliario, electrodom\u00e9sticos, conexi\u00f3n a Internet (WiFi), y acceso a todas las \u00e1reas comunes como: Recepci\u00f3n, Cafeter\u00eda, Gimnasio, Terraza con asadores, Coworking y Lavander\u00eda. 2. \u00bfDebo rentar el departamento completo o debo buscar roomies? \u00a1No","protected":false},"author":1,"featured_media":0,"parent":0,"menu_order":0,"comment_status":"closed","ping_status":"closed","template":"elementor_header_footer","meta":{"_monsterinsights_skip_tracking":false,"_monsterinsights_sitenote_active":false,"_monsterinsights_sitenote_note":"","_monsterinsights_sitenote_category":0,"_joinchat":[],"footnotes":""},"class_list":["post-1441","page","type-page","status-publish","hentry"],"aioseo_notices":[],"yoast_head":"<!-- This site is optimized with the Yoast SEO plugin v26.5 - https:\/\/yoast.com\/wordpress\/plugins\/seo\/ -->\n<title>FAQ - UTower<\/title>\n<meta name=\"robots\" content=\"noindex, follow, max-snippet:-1, max-image-preview:large, max-video-preview:-1\" \/>\n<meta property=\"og:locale\" content=\"en_US\" \/>\n<meta property=\"og:type\" content=\"article\" \/>\n<meta property=\"og:title\" content=\"FAQ - UTower\" \/>\n<meta property=\"og:description\" content=\"Preguntas frecuentes 1. \u00bfQu\u00e9 incluye el costo de la renta? El costo del alquiler incluye: suministros b\u00e1sicos (gas, electricidad y agua), mobiliario, electrodom\u00e9sticos, conexi\u00f3n a Internet (WiFi), y acceso a todas las \u00e1reas comunes como: Recepci\u00f3n, Cafeter\u00eda, Gimnasio, Terraza con asadores, Coworking y Lavander\u00eda. 2. \u00bfDebo rentar el departamento completo o debo buscar roomies? \u00a1No\" \/>\n<meta property=\"og:url\" content=\"https:\/\/utower.mx\/en\/faq\/\" \/>\n<meta property=\"og:site_name\" content=\"UTower\" \/>\n<meta property=\"article:publisher\" content=\"https:\/\/www.facebook.com\/utowermty\/\" \/>\n<meta property=\"article:modified_time\" content=\"2025-12-01T22:56:03+00:00\" \/>\n<meta property=\"og:image\" content=\"https:\/\/utower.mx\/wp-content\/uploads\/2023\/11\/480-x-1035-475x1024.png\" \/>\n<meta name=\"twitter:card\" content=\"summary_large_image\" \/>\n<meta name=\"twitter:label1\" content=\"Est. reading time\" \/>\n\t<meta name=\"twitter:data1\" content=\"3 minutes\" \/>\n<script type=\"application\/ld+json\" class=\"yoast-schema-graph\">{\"@context\":\"https:\/\/schema.org\",\"@graph\":[{\"@type\":\"WebPage\",\"@id\":\"https:\/\/utower.mx\/faq\/\",\"url\":\"https:\/\/utower.mx\/faq\/\",\"name\":\"FAQ - UTower\",\"isPartOf\":{\"@id\":\"https:\/\/utower.mx\/en\/#website\"},\"primaryImageOfPage\":{\"@id\":\"https:\/\/utower.mx\/faq\/#primaryimage\"},\"image\":{\"@id\":\"https:\/\/utower.mx\/faq\/#primaryimage\"},\"thumbnailUrl\":\"https:\/\/utower.mx\/wp-content\/uploads\/2023\/11\/480-x-1035-475x1024.png\",\"datePublished\":\"2023-10-09T14:02:28+00:00\",\"dateModified\":\"2025-12-01T22:56:03+00:00\",\"breadcrumb\":{\"@id\":\"https:\/\/utower.mx\/faq\/#breadcrumb\"},\"inLanguage\":\"en-US\",\"potentialAction\":[{\"@type\":\"ReadAction\",\"target\":[\"https:\/\/utower.mx\/faq\/\"]}]},{\"@type\":\"ImageObject\",\"inLanguage\":\"en-US\",\"@id\":\"https:\/\/utower.mx\/faq\/#primaryimage\",\"url\":\"https:\/\/utower.mx\/wp-content\/uploads\/2023\/11\/480-x-1035-475x1024.png\",\"contentUrl\":\"https:\/\/utower.mx\/wp-content\/uploads\/2023\/11\/480-x-1035-475x1024.png\"},{\"@type\":\"BreadcrumbList\",\"@id\":\"https:\/\/utower.mx\/faq\/#breadcrumb\",\"itemListElement\":[{\"@type\":\"ListItem\",\"position\":1,\"name\":\"Inicio\",\"item\":\"https:\/\/utower.mx\/en\/\"},{\"@type\":\"ListItem\",\"position\":2,\"name\":\"FAQ\"}]},{\"@type\":\"WebSite\",\"@id\":\"https:\/\/utower.mx\/en\/#website\",\"url\":\"https:\/\/utower.mx\/en\/\",\"name\":\"UTower\",\"description\":\"\",\"publisher\":{\"@id\":\"https:\/\/utower.mx\/en\/#organization\"},\"potentialAction\":[{\"@type\":\"SearchAction\",\"target\":{\"@type\":\"EntryPoint\",\"urlTemplate\":\"https:\/\/utower.mx\/en\/?s={search_term_string}\"},\"query-input\":{\"@type\":\"PropertyValueSpecification\",\"valueRequired\":true,\"valueName\":\"search_term_string\"}}],\"inLanguage\":\"en-US\"},{\"@type\":\"Organization\",\"@id\":\"https:\/\/utower.mx\/en\/#organization\",\"name\":\"UTower\",\"url\":\"https:\/\/utower.mx\/en\/\",\"logo\":{\"@type\":\"ImageObject\",\"inLanguage\":\"en-US\",\"@id\":\"https:\/\/utower.mx\/en\/#\/schema\/logo\/image\/\",\"url\":\"https:\/\/utower.mx\/wp-content\/uploads\/2023\/10\/UTower_Logotipo-Website.png\",\"contentUrl\":\"https:\/\/utower.mx\/wp-content\/uploads\/2023\/10\/UTower_Logotipo-Website.png\",\"width\":730,\"height\":209,\"caption\":\"UTower\"},\"image\":{\"@id\":\"https:\/\/utower.mx\/en\/#\/schema\/logo\/image\/\"},\"sameAs\":[\"https:\/\/www.facebook.com\/utowermty\/\",\"https:\/\/www.instagram.com\/utowermty?igshid=MzRlODBiNWFlZA\",\"https:\/\/www.tiktok.com\/@utowermty?_t=8fKfIz2YyVZ&_r=1\"]}]}<\/script>\n<!-- \/ Yoast SEO plugin. -->","yoast_head_json":{"title":"FAQ - UTower","robots":{"index":"noindex","follow":"follow","max-snippet":"max-snippet:-1","max-image-preview":"max-image-preview:large","max-video-preview":"max-video-preview:-1"},"og_locale":"en_US","og_type":"article","og_title":"FAQ - UTower","og_description":"Preguntas frecuentes 1. \u00bfQu\u00e9 incluye el costo de la renta? El costo del alquiler incluye: suministros b\u00e1sicos (gas, electricidad y agua), mobiliario, electrodom\u00e9sticos, conexi\u00f3n a Internet (WiFi), y acceso a todas las \u00e1reas comunes como: Recepci\u00f3n, Cafeter\u00eda, Gimnasio, Terraza con asadores, Coworking y Lavander\u00eda. 2. \u00bfDebo rentar el departamento completo o debo buscar roomies? \u00a1No","og_url":"https:\/\/utower.mx\/en\/faq\/","og_site_name":"UTower","article_publisher":"https:\/\/www.facebook.com\/utowermty\/","article_modified_time":"2025-12-01T22:56:03+00:00","og_image":[{"url":"https:\/\/utower.mx\/wp-content\/uploads\/2023\/11\/480-x-1035-475x1024.png","type":"","width":"","height":""}],"twitter_card":"summary_large_image","twitter_misc":{"Est. reading time":"3 minutes"},"schema":{"@context":"https:\/\/schema.org","@graph":[{"@type":"WebPage","@id":"https:\/\/utower.mx\/faq\/","url":"https:\/\/utower.mx\/faq\/","name":"FAQ - UTower","isPartOf":{"@id":"https:\/\/utower.mx\/en\/#website"},"primaryImageOfPage":{"@id":"https:\/\/utower.mx\/faq\/#primaryimage"},"image":{"@id":"https:\/\/utower.mx\/faq\/#primaryimage"},"thumbnailUrl":"https:\/\/utower.mx\/wp-content\/uploads\/2023\/11\/480-x-1035-475x1024.png","datePublished":"2023-10-09T14:02:28+00:00","dateModified":"2025-12-01T22:56:03+00:00","breadcrumb":{"@id":"https:\/\/utower.mx\/faq\/#breadcrumb"},"inLanguage":"en-US","potentialAction":[{"@type":"ReadAction","target":["https:\/\/utower.mx\/faq\/"]}]},{"@type":"ImageObject","inLanguage":"en-US","@id":"https:\/\/utower.mx\/faq\/#primaryimage","url":"https:\/\/utower.mx\/wp-content\/uploads\/2023\/11\/480-x-1035-475x1024.png","contentUrl":"https:\/\/utower.mx\/wp-content\/uploads\/2023\/11\/480-x-1035-475x1024.png"},{"@type":"BreadcrumbList","@id":"https:\/\/utower.mx\/faq\/#breadcrumb","itemListElement":[{"@type":"ListItem","position":1,"name":"Inicio","item":"https:\/\/utower.mx\/en\/"},{"@type":"ListItem","position":2,"name":"FAQ"}]},{"@type":"WebSite","@id":"https:\/\/utower.mx\/en\/#website","url":"https:\/\/utower.mx\/en\/","name":"UTower","description":"","publisher":{"@id":"https:\/\/utower.mx\/en\/#organization"},"potentialAction":[{"@type":"SearchAction","target":{"@type":"EntryPoint","urlTemplate":"https:\/\/utower.mx\/en\/?s={search_term_string}"},"query-input":{"@type":"PropertyValueSpecification","valueRequired":true,"valueName":"search_term_string"}}],"inLanguage":"en-US"},{"@type":"Organization","@id":"https:\/\/utower.mx\/en\/#organization","name":"UTower","url":"https:\/\/utower.mx\/en\/","logo":{"@type":"ImageObject","inLanguage":"en-US","@id":"https:\/\/utower.mx\/en\/#\/schema\/logo\/image\/","url":"https:\/\/utower.mx\/wp-content\/uploads\/2023\/10\/UTower_Logotipo-Website.png","contentUrl":"https:\/\/utower.mx\/wp-content\/uploads\/2023\/10\/UTower_Logotipo-Website.png","width":730,"height":209,"caption":"UTower"},"image":{"@id":"https:\/\/utower.mx\/en\/#\/schema\/logo\/image\/"},"sameAs":["https:\/\/www.facebook.com\/utowermty\/","https:\/\/www.instagram.com\/utowermty?igshid=MzRlODBiNWFlZA","https:\/\/www.tiktok.com\/@utowermty?_t=8fKfIz2YyVZ&_r=1"]}]}},"_links":{"self":[{"href":"https:\/\/utower.mx\/en\/wp-json\/wp\/v2\/pages\/1441","targetHints":{"allow":["GET"]}}],"collection":[{"href":"https:\/\/utower.mx\/en\/wp-json\/wp\/v2\/pages"}],"about":[{"href":"https:\/\/utower.mx\/en\/wp-json\/wp\/v2\/types\/page"}],"author":[{"embeddable":true,"href":"https:\/\/utower.mx\/en\/wp-json\/wp\/v2\/users\/1"}],"replies":[{"embeddable":true,"href":"https:\/\/utower.mx\/en\/wp-json\/wp\/v2\/comments?post=1441"}],"version-history":[{"count":22,"href":"https:\/\/utower.mx\/en\/wp-json\/wp\/v2\/pages\/1441\/revisions"}],"predecessor-version":[{"id":2857,"href":"https:\/\/utower.mx\/en\/wp-json\/wp\/v2\/pages\/1441\/revisions\/2857"}],"wp:attachment":[{"href":"https:\/\/utower.mx\/en\/wp-json\/wp\/v2\/media?parent=1441"}],"curies":[{"name":"wp","href":"https:\/\/api.w.org\/{rel}","templated":true}]}}