{"id":19,"date":"2023-09-05T12:13:34","date_gmt":"2023-09-05T17:13:34","guid":{"rendered":"https:\/\/wpolive.com\/suqat\/?page_id=19"},"modified":"2025-05-07T16:49:29","modified_gmt":"2025-05-07T21:49:29","slug":"contacto","status":"publish","type":"page","link":"https:\/\/utower.mx\/en\/contacto\/","title":{"rendered":"Contacto"},"content":{"rendered":"<div data-elementor-type=\"wp-page\" data-elementor-id=\"19\" class=\"elementor elementor-19\" data-elementor-post-type=\"page\">\n\t\t\t\t\t\t\t\t\t<section class=\"elementor-section elementor-top-section elementor-element elementor-element-ff055d9 elementor-section-full_width elementor-section-height-default elementor-section-height-default\" data-id=\"ff055d9\" data-element_type=\"section\">\n\t\t\t\t\t\t<div class=\"elementor-container elementor-column-gap-no\">\n\t\t\t\t\t<div class=\"elementor-column elementor-col-100 elementor-top-column elementor-element elementor-element-5f2924f\" data-id=\"5f2924f\" data-element_type=\"column\">\n\t\t\t<div class=\"elementor-widget-wrap elementor-element-populated\">\n\t\t\t\t\t\t\t\t<div class=\"elementor-element elementor-element-6732d3d elementor-widget elementor-widget-google_maps\" data-id=\"6732d3d\" data-element_type=\"widget\" data-widget_type=\"google_maps.default\">\n\t\t\t\t<div class=\"elementor-widget-container\">\n\t\t\t<style>\/*! elementor - v3.17.0 - 25-10-2023 *\/\n.elementor-widget-google_maps .elementor-widget-container{overflow:hidden}.elementor-widget-google_maps .elementor-custom-embed{line-height:0}.elementor-widget-google_maps iframe{height:300px}<\/style>\t\t<div class=\"elementor-custom-embed\">\n\t\t\t<iframe loading=\"lazy\"\n\t\t\t\t\tsrc=\"https:\/\/maps.google.com\/maps?q=Av.%20Don%20Luis%20G.%20Sada%20%28Antes%2C%20Servicio%20Postal%20%23202%2C%20Del%20Nte.%2C%2064500%20%20Monterrey%2C%20N.L.%20&#038;t=m&#038;z=14&#038;output=embed&#038;iwloc=near\"\n\t\t\t\t\ttitle=\"Av Luis G. Sada (Before, Postal Service, #202, Of The Nte., 64500 Monterrey, N. L. \"\n\t\t\t\t\taria-label=\"Av Luis G. Sada (Before, Postal Service, #202, Of The Nte., 64500 Monterrey, N. L. \"\n\t\t\t><\/iframe>\n\t\t<\/div>\n\t\t\t\t<\/div>\n\t\t\t\t<\/div>\n\t\t\t\t\t<\/div>\n\t\t<\/div>\n\t\t\t\t\t\t\t<\/div>\n\t\t<\/section>\n\t\t\t\t<section class=\"elementor-section elementor-top-section elementor-element elementor-element-708228f elementor-section-boxed elementor-section-height-default elementor-section-height-default\" data-id=\"708228f\" data-element_type=\"section\">\n\t\t\t\t\t\t<div class=\"elementor-container elementor-column-gap-no\">\n\t\t\t\t\t<div class=\"elementor-column elementor-col-50 elementor-top-column elementor-element elementor-element-fa90da0\" data-id=\"fa90da0\" data-element_type=\"column\">\n\t\t\t<div class=\"elementor-widget-wrap elementor-element-populated\">\n\t\t\t\t\t\t\t\t<div class=\"elementor-element elementor-element-4e8b3d5 elementor-widget elementor-widget-wpo-suqat_contact_form\" data-id=\"4e8b3d5\" data-element_type=\"widget\" data-widget_type=\"wpo-suqat_contact_form.default\">\n\t\t\t\t<div class=\"elementor-widget-container\">\n\t\t\t\t\t<div class=\"wpo-contact-pg-section\">\n        <div class=\"wpo-contact-title\">\n          <h2>Do you have any questions?<\/h2><p>We are here to help you. Question and transform their thoughts into words with accuracy and clarity.<\/p>        <\/div>\n        <div class=\"wpo-contact-form-area\">\n           \t\n<div class=\"wpcf7 no-js\" id=\"wpcf7-f755-o1\" lang=\"en-US\" dir=\"ltr\">\n<div class=\"screen-reader-response\"><p role=\"status\" aria-live=\"polite\" aria-atomic=\"true\"><\/p> <ul><\/ul><\/div>\n<form action=\"\/en\/wp-json\/wp\/v2\/pages\/19#wpcf7-f755-o1\" method=\"post\" class=\"wpcf7-form init\" aria-label=\"Contact form\" novalidate=\"novalidate\" data-status=\"init\" data-trp-original-action=\"\/en\/wp-json\/wp\/v2\/pages\/19#wpcf7-f755-o1\">\n<div style=\"display: none;\">\n<input type=\"hidden\" name=\"_wpcf7\" value=\"755\" \/>\n<input type=\"hidden\" name=\"_wpcf7_version\" value=\"5.8.1\" \/>\n<input type=\"hidden\" name=\"_wpcf7_locale\" value=\"en_US\" \/>\n<input type=\"hidden\" name=\"_wpcf7_unit_tag\" value=\"wpcf7-f755-o1\" \/>\n<input type=\"hidden\" name=\"_wpcf7_container_post\" value=\"0\" \/>\n<input type=\"hidden\" name=\"_wpcf7_posted_data_hash\" value=\"\" \/>\n<\/div>\n<p><label for=\"text-922\">Name<\/label><br \/>\n<span class=\"wpcf7-form-control-wrap\" data-name=\"text-922\"><input size=\"40\" class=\"wpcf7-form-control wpcf7-text wpcf7-validates-as-required form-control\" aria-required=\"true\" aria-invalid=\"false\" placeholder=\"Name\" value=\"\" type=\"text\" name=\"text-922\" \/><\/span>\n<\/p>\n<p><label for=\"tel-746\">Phone<\/label><br \/>\n<span class=\"wpcf7-form-control-wrap\" data-name=\"tel-746\"><input size=\"40\" class=\"wpcf7-form-control wpcf7-tel wpcf7-validates-as-required wpcf7-text wpcf7-validates-as-tel form-control\" aria-required=\"true\" aria-invalid=\"false\" placeholder=\"Phone\" value=\"\" type=\"tel\" name=\"tel-746\" \/><\/span>\n<\/p>\n<p><label for=\"email-250\">Email<\/label><br \/>\n<span class=\"wpcf7-form-control-wrap\" data-name=\"email-250\"><input size=\"40\" class=\"wpcf7-form-control wpcf7-email wpcf7-validates-as-required wpcf7-text wpcf7-validates-as-email form-control\" aria-required=\"true\" aria-invalid=\"false\" placeholder=\"Email\" value=\"\" type=\"email\" name=\"email-250\" \/><\/span>\n<\/p>\n<p><label for=\"textarea-400\">Message<\/label><br \/>\n<span class=\"wpcf7-form-control-wrap\" data-name=\"textarea-400\"><textarea cols=\"40\" rows=\"10\" class=\"wpcf7-form-control wpcf7-textarea wpcf7-validates-as-required form-control\" aria-required=\"true\" aria-invalid=\"false\" placeholder=\"Message...\" name=\"textarea-400\"><\/textarea><\/span>\n<\/p>\n<p><input class=\"wpcf7-form-control wpcf7-submit has-spinner btn\" type=\"submit\" value=\"Send\" \/>\n<\/p><div class=\"wpcf7-response-output\" aria-hidden=\"true\"><\/div>\n<input type=\"hidden\" name=\"trp-form-language\" value=\"en\"\/><\/form>\n<\/div>\n        <\/div>\n\t\t<\/div>\n\t\t\t\t<\/div>\n\t\t\t\t<\/div>\n\t\t\t\t\t<\/div>\n\t\t<\/div>\n\t\t\t\t<div class=\"elementor-column elementor-col-50 elementor-top-column elementor-element elementor-element-5d12cd7\" data-id=\"5d12cd7\" data-element_type=\"column\">\n\t\t\t<div class=\"elementor-widget-wrap elementor-element-populated\">\n\t\t\t\t\t\t\t\t<div class=\"elementor-element elementor-element-cfa96fd elementor-widget elementor-widget-wpo-suqat_contactinfo\" data-id=\"cfa96fd\" data-element_type=\"widget\" data-widget_type=\"wpo-suqat_contactinfo.default\">\n\t\t\t\t<div class=\"elementor-widget-container\">\n\t\t\t   \t <div class=\"office-info\">\n\t\t\t\t\t\n\t\t\t\t\t\t <div class=\"office-info-item\">\n\t\t            <div class=\"office-info-icon\">\n\t\t                <div class=\"icon\">\n\t\t                  <i class=\"fab fa-whatsapp\"><\/i>\t\t                <\/div>\n\t\t            <\/div>\n\t\t            <div class=\"office-info-text\">\n\t\t            \t<h2>Whatsapp<\/h2><p><p><a href=\"http:\/\/wa.me\/528110203641\"><span style=\"font-weight: 400\">+52 81 1020 3641 <\/span><\/a><\/p><\/p>\t\t            <\/div>\n\t\t        <\/div>\n\t\t\t\t\t\n\t\t\t\t\t\t <div class=\"office-info-item\">\n\t\t            <div class=\"office-info-icon\">\n\t\t                <div class=\"icon\">\n\t\t                  <i class=\"fas fa-mail-bulk\"><\/i>\t\t                <\/div>\n\t\t            <\/div>\n\t\t            <div class=\"office-info-text\">\n\t\t            \t<h2>Contact us<\/h2><p><p><a href=\"mailto:ejuarez@fraterna.mx\"><span style=\"font-weight: 400\">ejuarez@fraterna.mx<\/span><\/a><\/p><\/p>\t\t            <\/div>\n\t\t        <\/div>\n\t\t\t\t\t\n\t\t\t\t\t\t <div class=\"office-info-item\">\n\t\t            <div class=\"office-info-icon\">\n\t\t                <div class=\"icon\">\n\t\t                  <i class=\"fas fa-home\"><\/i>\t\t                <\/div>\n\t\t            <\/div>\n\t\t            <div class=\"office-info-text\">\n\t\t            \t<h2>Hours<\/h2><p><p><span class=\"zw-portion zw-text-portion\" data-text-len=\"33\">Monday to Friday from 9:00 to 5:00pm<\/span><span class=\"EOP-readonly EOP\">\u00a0<\/span><\/p><\/p>\t\t            <\/div>\n\t\t        <\/div>\n\t\t\t\t\t\n\t\t\t\t\t\t <div class=\"office-info-item\">\n\t\t            <div class=\"office-info-icon\">\n\t\t                <div class=\"icon\">\n\t\t                  <i class=\"fab fa-tiktok\"><\/i>\t\t                <\/div>\n\t\t            <\/div>\n\t\t            <div class=\"office-info-text\">\n\t\t            \t<h2>Tik Tok<\/h2><p><p><a href=\"https:\/\/www.tiktok.com\/@utowermty?_t=8fKfIz2YyVZ&amp;_r=1\" target=\"_blank\" rel=\"noopener\">@utowermty<\/a><\/p><\/p>\t\t            <\/div>\n\t\t        <\/div>\n\t\t\t\t\t\n\t\t\t\t\t\t <div class=\"office-info-item\">\n\t\t            <div class=\"office-info-icon\">\n\t\t                <div class=\"icon\">\n\t\t                  <i class=\"fab fa-instagram\"><\/i>\t\t                <\/div>\n\t\t            <\/div>\n\t\t            <div class=\"office-info-text\">\n\t\t            \t<h2>Instagram<\/h2><p><p><a href=\"https:\/\/instagram.com\/utowermty?igshid=MzRlODBiNWFlZA==\" target=\"_blank\" rel=\"noopener\">@utowermty<\/a><\/p><\/p>\t\t            <\/div>\n\t\t        <\/div>\n\t\t\t\t\t\n\t\t\t\t\t\t <div class=\"office-info-item\">\n\t\t            <div class=\"office-info-icon\">\n\t\t                <div class=\"icon\">\n\t\t                  <i class=\"fab fa-facebook\"><\/i>\t\t                <\/div>\n\t\t            <\/div>\n\t\t            <div class=\"office-info-text\">\n\t\t            \t<h2>Facebook<\/h2><p><p><a href=\"https:\/\/www.facebook.com\/profile.php?id=61550706475294\" target=\"_blank\" rel=\"noopener\">utowermty<\/a><\/p><\/p>\t\t            <\/div>\n\t\t        <\/div>\n\t\t\t\t\t\t\t<\/div>\n\t\t\t<\/div>\n\t\t\t\t<\/div>\n\t\t\t\t\t<\/div>\n\t\t<\/div>\n\t\t\t\t\t\t\t<\/div>\n\t\t<\/section>\n\t\t\t\t\t\t\t<\/div>","protected":false},"excerpt":{"rendered":"\u00bfTienes alguna pregunta? Estamos aqu\u00ed para ayudarte. Pregunta y transformemos sus pensamientos en palabras con precisi\u00f3n y claridad. Nombre Tel\u00e9fono Email Mensaje Whatsapp +52 81 1020 3641 Escr\u00edbenos ejuarez@fraterna.mx Horario Lunes\u00a0a\u00a0viernes\u00a0de\u00a09:00\u00a0a\u00a05:00pm\u00a0 Tik Tok @utowermty Instagram @utowermty Facebook utowermty","protected":false},"author":1,"featured_media":0,"parent":0,"menu_order":0,"comment_status":"closed","ping_status":"closed","template":"elementor_header_footer","meta":{"_monsterinsights_skip_tracking":false,"_monsterinsights_sitenote_active":false,"_monsterinsights_sitenote_note":"","_monsterinsights_sitenote_category":0,"_joinchat":[],"footnotes":""},"class_list":["post-19","page","type-page","status-publish","hentry"],"aioseo_notices":[],"yoast_head":"<!-- This site is optimized with the Yoast SEO plugin v26.5 - https:\/\/yoast.com\/wordpress\/plugins\/seo\/ -->\n<title>Contacto - UTower<\/title>\n<meta name=\"robots\" content=\"noindex, follow, max-snippet:-1, max-image-preview:large, max-video-preview:-1\" \/>\n<meta property=\"og:locale\" content=\"en_US\" \/>\n<meta property=\"og:type\" content=\"article\" \/>\n<meta property=\"og:title\" content=\"Contacto - UTower\" \/>\n<meta property=\"og:description\" content=\"\u00bfTienes alguna pregunta? Estamos aqu\u00ed para ayudarte. Pregunta y transformemos sus pensamientos en palabras con precisi\u00f3n y claridad. Nombre Tel\u00e9fono Email Mensaje Whatsapp +52 81 1020 3641 Escr\u00edbenos ejuarez@fraterna.mx Horario Lunes\u00a0a\u00a0viernes\u00a0de\u00a09:00\u00a0a\u00a05:00pm\u00a0 Tik Tok @utowermty Instagram @utowermty Facebook utowermty\" \/>\n<meta property=\"og:url\" content=\"https:\/\/utower.mx\/en\/contacto\/\" \/>\n<meta property=\"og:site_name\" content=\"UTower\" \/>\n<meta property=\"article:publisher\" content=\"https:\/\/www.facebook.com\/utowermty\/\" \/>\n<meta property=\"article:modified_time\" content=\"2025-05-07T21:49:29+00:00\" \/>\n<meta name=\"twitter:card\" content=\"summary_large_image\" \/>\n<script type=\"application\/ld+json\" class=\"yoast-schema-graph\">{\"@context\":\"https:\/\/schema.org\",\"@graph\":[{\"@type\":\"WebPage\",\"@id\":\"https:\/\/utower.mx\/contacto\/\",\"url\":\"https:\/\/utower.mx\/contacto\/\",\"name\":\"Contacto - UTower\",\"isPartOf\":{\"@id\":\"https:\/\/utower.mx\/en\/#website\"},\"datePublished\":\"2023-09-05T17:13:34+00:00\",\"dateModified\":\"2025-05-07T21:49:29+00:00\",\"breadcrumb\":{\"@id\":\"https:\/\/utower.mx\/contacto\/#breadcrumb\"},\"inLanguage\":\"en-US\",\"potentialAction\":[{\"@type\":\"ReadAction\",\"target\":[\"https:\/\/utower.mx\/contacto\/\"]}]},{\"@type\":\"BreadcrumbList\",\"@id\":\"https:\/\/utower.mx\/contacto\/#breadcrumb\",\"itemListElement\":[{\"@type\":\"ListItem\",\"position\":1,\"name\":\"Inicio\",\"item\":\"https:\/\/utower.mx\/en\/\"},{\"@type\":\"ListItem\",\"position\":2,\"name\":\"Contacto\"}]},{\"@type\":\"WebSite\",\"@id\":\"https:\/\/utower.mx\/en\/#website\",\"url\":\"https:\/\/utower.mx\/en\/\",\"name\":\"UTower\",\"description\":\"\",\"publisher\":{\"@id\":\"https:\/\/utower.mx\/en\/#organization\"},\"potentialAction\":[{\"@type\":\"SearchAction\",\"target\":{\"@type\":\"EntryPoint\",\"urlTemplate\":\"https:\/\/utower.mx\/en\/?s={search_term_string}\"},\"query-input\":{\"@type\":\"PropertyValueSpecification\",\"valueRequired\":true,\"valueName\":\"search_term_string\"}}],\"inLanguage\":\"en-US\"},{\"@type\":\"Organization\",\"@id\":\"https:\/\/utower.mx\/en\/#organization\",\"name\":\"UTower\",\"url\":\"https:\/\/utower.mx\/en\/\",\"logo\":{\"@type\":\"ImageObject\",\"inLanguage\":\"en-US\",\"@id\":\"https:\/\/utower.mx\/en\/#\/schema\/logo\/image\/\",\"url\":\"https:\/\/utower.mx\/wp-content\/uploads\/2023\/10\/UTower_Logotipo-Website.png\",\"contentUrl\":\"https:\/\/utower.mx\/wp-content\/uploads\/2023\/10\/UTower_Logotipo-Website.png\",\"width\":730,\"height\":209,\"caption\":\"UTower\"},\"image\":{\"@id\":\"https:\/\/utower.mx\/en\/#\/schema\/logo\/image\/\"},\"sameAs\":[\"https:\/\/www.facebook.com\/utowermty\/\",\"https:\/\/www.instagram.com\/utowermty?igshid=MzRlODBiNWFlZA\",\"https:\/\/www.tiktok.com\/@utowermty?_t=8fKfIz2YyVZ&_r=1\"]}]}<\/script>\n<!-- \/ Yoast SEO plugin. -->","yoast_head_json":{"title":"Contacto - UTower","robots":{"index":"noindex","follow":"follow","max-snippet":"max-snippet:-1","max-image-preview":"max-image-preview:large","max-video-preview":"max-video-preview:-1"},"og_locale":"en_US","og_type":"article","og_title":"Contacto - UTower","og_description":"\u00bfTienes alguna pregunta? Estamos aqu\u00ed para ayudarte. Pregunta y transformemos sus pensamientos en palabras con precisi\u00f3n y claridad. Nombre Tel\u00e9fono Email Mensaje Whatsapp +52 81 1020 3641 Escr\u00edbenos ejuarez@fraterna.mx Horario Lunes\u00a0a\u00a0viernes\u00a0de\u00a09:00\u00a0a\u00a05:00pm\u00a0 Tik Tok @utowermty Instagram @utowermty Facebook utowermty","og_url":"https:\/\/utower.mx\/en\/contacto\/","og_site_name":"UTower","article_publisher":"https:\/\/www.facebook.com\/utowermty\/","article_modified_time":"2025-05-07T21:49:29+00:00","twitter_card":"summary_large_image","schema":{"@context":"https:\/\/schema.org","@graph":[{"@type":"WebPage","@id":"https:\/\/utower.mx\/contacto\/","url":"https:\/\/utower.mx\/contacto\/","name":"Contacto - UTower","isPartOf":{"@id":"https:\/\/utower.mx\/en\/#website"},"datePublished":"2023-09-05T17:13:34+00:00","dateModified":"2025-05-07T21:49:29+00:00","breadcrumb":{"@id":"https:\/\/utower.mx\/contacto\/#breadcrumb"},"inLanguage":"en-US","potentialAction":[{"@type":"ReadAction","target":["https:\/\/utower.mx\/contacto\/"]}]},{"@type":"BreadcrumbList","@id":"https:\/\/utower.mx\/contacto\/#breadcrumb","itemListElement":[{"@type":"ListItem","position":1,"name":"Inicio","item":"https:\/\/utower.mx\/en\/"},{"@type":"ListItem","position":2,"name":"Contacto"}]},{"@type":"WebSite","@id":"https:\/\/utower.mx\/en\/#website","url":"https:\/\/utower.mx\/en\/","name":"UTower","description":"","publisher":{"@id":"https:\/\/utower.mx\/en\/#organization"},"potentialAction":[{"@type":"SearchAction","target":{"@type":"EntryPoint","urlTemplate":"https:\/\/utower.mx\/en\/?s={search_term_string}"},"query-input":{"@type":"PropertyValueSpecification","valueRequired":true,"valueName":"search_term_string"}}],"inLanguage":"en-US"},{"@type":"Organization","@id":"https:\/\/utower.mx\/en\/#organization","name":"UTower","url":"https:\/\/utower.mx\/en\/","logo":{"@type":"ImageObject","inLanguage":"en-US","@id":"https:\/\/utower.mx\/en\/#\/schema\/logo\/image\/","url":"https:\/\/utower.mx\/wp-content\/uploads\/2023\/10\/UTower_Logotipo-Website.png","contentUrl":"https:\/\/utower.mx\/wp-content\/uploads\/2023\/10\/UTower_Logotipo-Website.png","width":730,"height":209,"caption":"UTower"},"image":{"@id":"https:\/\/utower.mx\/en\/#\/schema\/logo\/image\/"},"sameAs":["https:\/\/www.facebook.com\/utowermty\/","https:\/\/www.instagram.com\/utowermty?igshid=MzRlODBiNWFlZA","https:\/\/www.tiktok.com\/@utowermty?_t=8fKfIz2YyVZ&_r=1"]}]}},"_links":{"self":[{"href":"https:\/\/utower.mx\/en\/wp-json\/wp\/v2\/pages\/19","targetHints":{"allow":["GET"]}}],"collection":[{"href":"https:\/\/utower.mx\/en\/wp-json\/wp\/v2\/pages"}],"about":[{"href":"https:\/\/utower.mx\/en\/wp-json\/wp\/v2\/types\/page"}],"author":[{"embeddable":true,"href":"https:\/\/utower.mx\/en\/wp-json\/wp\/v2\/users\/1"}],"replies":[{"embeddable":true,"href":"https:\/\/utower.mx\/en\/wp-json\/wp\/v2\/comments?post=19"}],"version-history":[{"count":41,"href":"https:\/\/utower.mx\/en\/wp-json\/wp\/v2\/pages\/19\/revisions"}],"predecessor-version":[{"id":2714,"href":"https:\/\/utower.mx\/en\/wp-json\/wp\/v2\/pages\/19\/revisions\/2714"}],"wp:attachment":[{"href":"https:\/\/utower.mx\/en\/wp-json\/wp\/v2\/media?parent=19"}],"curies":[{"name":"wp","href":"https:\/\/api.w.org\/{rel}","templated":true}]}}