{"id":818,"date":"2023-09-14T12:03:58","date_gmt":"2023-09-14T17:03:58","guid":{"rendered":"https:\/\/wpolive.com\/suqat\/?page_id=818"},"modified":"2025-12-01T17:23:12","modified_gmt":"2025-12-01T22:23:12","slug":"nosotros","status":"publish","type":"page","link":"https:\/\/utower.mx\/en\/nosotros\/","title":{"rendered":"Nosotros"},"content":{"rendered":"<div data-elementor-type=\"wp-page\" data-elementor-id=\"818\" class=\"elementor elementor-818\" data-elementor-post-type=\"page\">\n\t\t\t\t\t\t\t\t\t<section class=\"elementor-section elementor-top-section elementor-element elementor-element-cd4d982 elementor-section-full_width elementor-section-height-default elementor-section-height-default\" data-id=\"cd4d982\" data-element_type=\"section\">\n\t\t\t\t\t\t<div class=\"elementor-container elementor-column-gap-no\">\n\t\t\t\t\t<div class=\"elementor-column elementor-col-100 elementor-top-column elementor-element elementor-element-e264bc0\" data-id=\"e264bc0\" data-element_type=\"column\">\n\t\t\t<div class=\"elementor-widget-wrap elementor-element-populated\">\n\t\t\t\t\t\t\t\t<div class=\"elementor-element elementor-element-cd2907c elementor-widget elementor-widget-wpo-suqat_about\" data-id=\"cd2907c\" data-element_type=\"widget\" data-settings=\"{&quot;about_image&quot;:{&quot;url&quot;:&quot;https:\\\/\\\/utower.mx\\\/wp-content\\\/uploads\\\/2023\\\/11\\\/Nosotros-UTower.png&quot;,&quot;id&quot;:2534,&quot;size&quot;:&quot;&quot;,&quot;alt&quot;:&quot;&quot;,&quot;source&quot;:&quot;library&quot;}}\" data-widget_type=\"wpo-suqat_about.default\">\n\t\t\t\t<div class=\"elementor-widget-container\">\n\t\t\t\t\t\t\t\t<div class=\"suqat-about wpo-about-area\">\n\t\t\t\t<div class=\"container\">\n\t\t\t\t\t<div class=\"row align-items-center\">\n\t\t\t\t\t\t<div class=\"col-lg-5 col-md-12 col-sm-12\">\n\t\t\t\t\t\t\t<div class=\"wpo-about-img\">\n\t\t\t\t\t\t\t\t<img decoding=\"async\" src=\"https:\/\/utower.mx\/wp-content\/uploads\/2023\/11\/Nosotros-UTower.png\" alt=\"\">\t\t\t\t\t\t\t<\/div>\n\t\t\t\t\t\t<\/div>\n\t\t\t\t\t\t<div class=\"col-lg-7 col-md-12 colsm-12\">\n\t\t\t\t\t\t\t<div class=\"wpo-about-text\">\n\t\t\t\t\t\t\t\t<div class=\"wpo-about-title\">\n\t\t\t\t\t\t\t\t\t<span>About us<\/span><h2>UTower<\/h2>\t\t\t\t\t\t\t\t<\/div>\n\t\t\t\t\t\t\t\t<p><span style=\"font-weight: 400\">Somos <strong>UTower<\/strong>,\u00a0 un edificio de alquiler de departamentos exclusivo para estudiantes, donde nuestro principal objetivo es que vivas una <strong>experiencia universitaria inolvidable.<\/strong><\/span><\/p><p><span style=\"font-weight: 400\">Our model&#039;s rent is per room, per what UTower will manage the assignments of people with whom you share your department or also you can choose with whom to live. In addition to your rent will include the basic services, and in addition to the equipment of your department.<\/span><\/p><h4><span style=\"text-decoration: underline\"><a href=\"https:\/\/fraterna.mx\/\">Fraternal<\/a><\/span><\/h4><p><strong>Fraternal<\/strong> es una destacada compa\u00f1\u00eda mexicana con una trayectoria s\u00f3lida desde 2007, se especializa en la creaci\u00f3n de proyectos inmobiliarios innovadores, perfectamente integrados en entornos urbanos din\u00e1micos. Fraterna no solo representa un referente en el \u00e1mbito inmobiliario, sino que tambi\u00e9n se convierte en un aut\u00e9ntico sello de excelencia y respaldo para <strong>UTower.<\/strong><\/p>\t\t\t\t\t\t\t\t<div class=\"btns\">\n\t\t\t\t\t\t\t\t\t<a href=\"https:\/\/utower.mx\/en\/faq\/\"   class=\"theme-btn\" >FREQUENTLY ASKED QUESTIONS<\/a>\t\t\t\t\t\t\t\t<\/div>\n\t\t\t\t\t\t\t<\/div>\n\t\t\t\t\t\t<\/div>\n\t\t\t\t\t<\/div>\n\t\t\t\t<\/div>\n\t\t\t<\/div>\n\t\t<\/div>\n\t\t\t\t<\/div>\n\t\t\t\t\t<\/div>\n\t\t<\/div>\n\t\t\t\t\t\t\t<\/div>\n\t\t<\/section>\n\t\t\t\t<section class=\"elementor-section elementor-top-section elementor-element elementor-element-e7dc6bf elementor-section-content-middle elementor-section-boxed elementor-section-height-default elementor-section-height-default\" data-id=\"e7dc6bf\" data-element_type=\"section\">\n\t\t\t\t\t\t<div class=\"elementor-container elementor-column-gap-no\">\n\t\t\t\t\t<div class=\"elementor-column elementor-col-50 elementor-top-column elementor-element elementor-element-be6a0ac\" data-id=\"be6a0ac\" data-element_type=\"column\">\n\t\t\t<div class=\"elementor-widget-wrap elementor-element-populated\">\n\t\t\t\t\t\t<div class=\"elementor-element elementor-element-e86843c e-flex e-con-boxed e-con e-parent\" data-id=\"e86843c\" data-element_type=\"container\" data-settings=\"{&quot;content_width&quot;:&quot;boxed&quot;}\" data-core-v316-plus=\"true\">\n\t\t\t\t\t<div class=\"e-con-inner\">\n\t\t\t\t<div class=\"elementor-element elementor-element-58e64ce elementor-widget elementor-widget-heading\" data-id=\"58e64ce\" data-element_type=\"widget\" data-widget_type=\"heading.default\">\n\t\t\t\t<div class=\"elementor-widget-container\">\n\t\t\t<style>\/*! elementor - v3.17.0 - 25-10-2023 *\/\n.elementor-heading-title{padding:0;margin:0;line-height:1}.elementor-widget-heading .elementor-heading-title[class*=elementor-size-]>a{color:inherit;font-size:inherit;line-height:inherit}.elementor-widget-heading .elementor-heading-title.elementor-size-small{font-size:15px}.elementor-widget-heading .elementor-heading-title.elementor-size-medium{font-size:19px}.elementor-widget-heading .elementor-heading-title.elementor-size-large{font-size:29px}.elementor-widget-heading .elementor-heading-title.elementor-size-xl{font-size:39px}.elementor-widget-heading .elementor-heading-title.elementor-size-xxl{font-size:59px}<\/style><h2 class=\"elementor-heading-title elementor-size-default\">Value proposition<\/h2>\t\t<\/div>\n\t\t\t\t<\/div>\n\t\t\t\t<div class=\"elementor-element elementor-element-09635ab elementor-widget elementor-widget-text-editor\" data-id=\"09635ab\" data-element_type=\"widget\" data-widget_type=\"text-editor.default\">\n\t\t\t\t<div class=\"elementor-widget-container\">\n\t\t\t<style>\/*! elementor - v3.17.0 - 25-10-2023 *\/\n.elementor-widget-text-editor.elementor-drop-cap-view-stacked .elementor-drop-cap{background-color:#69727d;color:#fff}.elementor-widget-text-editor.elementor-drop-cap-view-framed .elementor-drop-cap{color:#69727d;border:3px solid;background-color:transparent}.elementor-widget-text-editor:not(.elementor-drop-cap-view-default) .elementor-drop-cap{margin-top:8px}.elementor-widget-text-editor:not(.elementor-drop-cap-view-default) .elementor-drop-cap-letter{width:1em;height:1em}.elementor-widget-text-editor .elementor-drop-cap{float:left;text-align:center;line-height:1;font-size:50px}.elementor-widget-text-editor .elementor-drop-cap-letter{display:inline-block}<\/style>\t\t\t\t<p><strong>UTower<\/strong> te acompa\u00f1a en esta emocionante aventura universitaria, donde la curiosidad se mezcla con la diversi\u00f3n y el aprendizaje, creando un espacio acogedor y en\u00e9rgico que celebra tu autenticidad y te conecta con amistades significativas para impulsar tu desarrollo personal y construir un futuro profesional extraordinario.<\/p>\t\t\t\t\t\t<\/div>\n\t\t\t\t<\/div>\n\t\t\t\t<div class=\"elementor-element elementor-element-00f5c1a elementor-widget elementor-widget-heading\" data-id=\"00f5c1a\" data-element_type=\"widget\" data-widget_type=\"heading.default\">\n\t\t\t\t<div class=\"elementor-widget-container\">\n\t\t\t<h2 class=\"elementor-heading-title elementor-size-default\">Utower in numbers<\/h2>\t\t<\/div>\n\t\t\t\t<\/div>\n\t\t\t\t<div class=\"elementor-element elementor-element-bb9ff4a elementor-widget elementor-widget-text-editor\" data-id=\"bb9ff4a\" data-element_type=\"widget\" data-widget_type=\"text-editor.default\">\n\t\t\t\t<div class=\"elementor-widget-container\">\n\t\t\t\t\t\t\t<ul><li><span style=\"font-weight: 400;\">13 levels<\/span><\/li><li style=\"font-weight: 400;\" aria-level=\"1\"><span style=\"font-weight: 400;\">458 camas<\/span><\/li><li style=\"font-weight: 400;\" aria-level=\"1\"><span style=\"font-weight: 400;\">168 departments\u00a0<\/span><\/li><li style=\"font-weight: 400;\" aria-level=\"1\"><span style=\"font-weight: 400;\">+ 15 amenities<\/span><\/li><li style=\"font-weight: 400;\" aria-level=\"1\"><span style=\"font-weight: 400;\">Parking spaces<\/span><\/li><li style=\"font-weight: 400;\" aria-level=\"1\"><span style=\"font-weight: 400;\">From 28 m2 to 88m2<\/span><\/li><\/ul>\t\t\t\t\t\t<\/div>\n\t\t\t\t<\/div>\n\t\t\t\t\t<\/div>\n\t\t\t\t<\/div>\n\t\t\t\t\t<\/div>\n\t\t<\/div>\n\t\t\t\t<div class=\"elementor-column elementor-col-50 elementor-top-column elementor-element elementor-element-d8fc8f3\" data-id=\"d8fc8f3\" data-element_type=\"column\">\n\t\t\t<div class=\"elementor-widget-wrap elementor-element-populated\">\n\t\t\t\t\t\t\t\t<div class=\"elementor-element elementor-element-aa0baa4 elementor-widget elementor-widget-image\" data-id=\"aa0baa4\" data-element_type=\"widget\" data-widget_type=\"image.default\">\n\t\t\t\t<div class=\"elementor-widget-container\">\n\t\t\t<style>\/*! elementor - v3.17.0 - 25-10-2023 *\/\n.elementor-widget-image{text-align:center}.elementor-widget-image a{display:inline-block}.elementor-widget-image a img[src$=\".svg\"]{width:48px}.elementor-widget-image img{vertical-align:middle;display:inline-block}<\/style>\t\t\t\t\t\t\t\t\t\t\t\t<img loading=\"lazy\" decoding=\"async\" width=\"1024\" height=\"1024\" src=\"https:\/\/utower.mx\/wp-content\/uploads\/2023\/11\/Promesa-de-valor-UTower.png\" class=\"attachment-large size-large wp-image-2529\" alt=\"\" srcset=\"https:\/\/utower.mx\/wp-content\/uploads\/2023\/11\/Promesa-de-valor-UTower.png 1024w, https:\/\/utower.mx\/wp-content\/uploads\/2023\/11\/Promesa-de-valor-UTower-300x300.png 300w, https:\/\/utower.mx\/wp-content\/uploads\/2023\/11\/Promesa-de-valor-UTower-150x150.png 150w, https:\/\/utower.mx\/wp-content\/uploads\/2023\/11\/Promesa-de-valor-UTower-768x768.png 768w, https:\/\/utower.mx\/wp-content\/uploads\/2023\/11\/Promesa-de-valor-UTower-12x12.png 12w, https:\/\/utower.mx\/wp-content\/uploads\/2023\/11\/Promesa-de-valor-UTower-600x600.png 600w\" sizes=\"auto, (max-width: 1024px) 100vw, 1024px\" \/>\t\t\t\t\t\t\t\t\t\t\t\t\t\t\t<\/div>\n\t\t\t\t<\/div>\n\t\t\t\t\t<\/div>\n\t\t<\/div>\n\t\t\t\t\t\t\t<\/div>\n\t\t<\/section>\n\t\t\t\t<section class=\"elementor-section elementor-top-section elementor-element elementor-element-1be353e elementor-section-full_width elementor-hidden-desktop elementor-hidden-tablet elementor-hidden-mobile elementor-section-height-default elementor-section-height-default\" data-id=\"1be353e\" data-element_type=\"section\" data-settings=\"{&quot;background_background&quot;:&quot;classic&quot;}\">\n\t\t\t\t\t\t\t<div class=\"elementor-background-overlay\"><\/div>\n\t\t\t\t\t\t\t<div class=\"elementor-container elementor-column-gap-no\">\n\t\t\t\t\t<div class=\"elementor-column elementor-col-100 elementor-top-column elementor-element elementor-element-4e01f6e\" data-id=\"4e01f6e\" data-element_type=\"column\">\n\t\t\t<div class=\"elementor-widget-wrap elementor-element-populated\">\n\t\t\t\t\t\t\t\t<div class=\"elementor-element elementor-element-c7043f2 elementor-widget elementor-widget-wpo-suqat_title\" data-id=\"c7043f2\" data-element_type=\"widget\" data-widget_type=\"wpo-suqat_title.default\">\n\t\t\t\t<div class=\"elementor-widget-container\">\n\t\t\t\t\t<div class=\"container\">\n\t\t\t<div class=\"row justify-content-center\">\n\t        <div class=\"col-lg-8\">\n\t            <div class=\"wpo-section-title\">\n\t               <h2>You know our <span>team<\/span><\/h2>\t            <\/div>\n\t        <\/div>\n\t    <\/div>\n    <\/div>\n\t\t \t\t\t<\/div>\n\t\t\t\t<\/div>\n\t\t\t\t<div class=\"elementor-element elementor-element-a7bfc85 elementor-widget elementor-widget-wpo-suqat_teams\" data-id=\"a7bfc85\" data-element_type=\"widget\" data-widget_type=\"wpo-suqat_teams.default\">\n\t\t\t\t<div class=\"elementor-widget-container\">\n\t\t\t\t\t<div class=\"wpo-team-section\">\r\n    \t<div class=\"container\">\r\n        <div class=\"wpo-team-wrap owl-carousel\">\r\n        \t\t\t\t\t\t\t\t<div class=\"wpo-team-item\">\r\n\t                <div class=\"wpo-team-img\">\r\n\t                    <img decoding=\"async\" src=\"https:\/\/utower.mx\/wp-content\/uploads\/2023\/09\/Angie_01-min.jpg\" alt=\"\">\t                <\/div>\r\n\t                <div class=\"wpo-team-content\">\r\n\t                \t <p><a href=\"https:\/\/utower.mx\/en\/team\/angelina-castillo\/\">Angelina Castillo<\/a><\/p>\r\n                      <span>PROPERTY MANAGER SENIOR - Soy responsable de que todo funcione a la perfecci\u00f3n y soy la mam\u00e1 de los pollitos.<\/span>\t                <\/div>\r\n\t            <\/div>\r\n              \t\t\t\t\t\t\t<div class=\"wpo-team-item\">\r\n\t                <div class=\"wpo-team-img\">\r\n\t                    <img decoding=\"async\" src=\"https:\/\/utower.mx\/wp-content\/uploads\/2023\/09\/Steff_04-min.jpg\" alt=\"\">\t                <\/div>\r\n\t                <div class=\"wpo-team-content\">\r\n\t                \t <p><a href=\"https:\/\/utower.mx\/en\/team\/estefania-vasquez\/\">Estefania Vasquez<\/a><\/p>\r\n                      <span>PROPERTY MANAGER JUNIOR - Conmigo a cargo no te faltar\u00e1 nada. Siempre dipuesta para ayudarte.<\/span>\t                <\/div>\r\n\t            <\/div>\r\n              \t\t\t\t\t\t\t<div class=\"wpo-team-item\">\r\n\t                <div class=\"wpo-team-img\">\r\n\t                    <img decoding=\"async\" src=\"https:\/\/utower.mx\/wp-content\/uploads\/2023\/09\/UTower-Elian.png\" alt=\"\">\t                <\/div>\r\n\t                <div class=\"wpo-team-content\">\r\n\t                \t <p><a href=\"https:\/\/utower.mx\/en\/team\/elian-romo\/\">Elian Romo<\/a><\/p>\r\n                      <span>LEASING PROFESSIONAL - El que sabe de esto soy yo. Vive diferente con esta experiencia \u00fanica.<\/span>\t                <\/div>\r\n\t            <\/div>\r\n              \t\t\t\t\t\t\t<div class=\"wpo-team-item\">\r\n\t                <div class=\"wpo-team-img\">\r\n\t                    <img decoding=\"async\" src=\"https:\/\/utower.mx\/wp-content\/uploads\/2023\/09\/UTower-Silvia.jpg\" alt=\"\">\t                <\/div>\r\n\t                <div class=\"wpo-team-content\">\r\n\t                \t <p><a href=\"https:\/\/utower.mx\/en\/team\/silvia-mosqueda\/\">Silvia Mosqueda<\/a><\/p>\r\n                      <span>LEASING PROFESSIONAL - A mi es quien necesitas si quieres conocer m\u00e1s. Conmigo te enamoras de UTower.<\/span>\t                <\/div>\r\n\t            <\/div>\r\n              \t\t\t\t\t\t\t<div class=\"wpo-team-item\">\r\n\t                <div class=\"wpo-team-img\">\r\n\t                    <img decoding=\"async\" src=\"https:\/\/utower.mx\/wp-content\/uploads\/2023\/09\/Joaquin_01-min.jpg\" alt=\"\">\t                <\/div>\r\n\t                <div class=\"wpo-team-content\">\r\n\t                \t <p><a href=\"https:\/\/utower.mx\/en\/team\/joaquin-casados\/\">Joaquin Married<\/a><\/p>\r\n                      <span>LEASING &amp; MARKETING MANAGER - Soy quien le da vida a UTower. Las experiencias est\u00e1n a mi cargo.<\/span>\t                <\/div>\r\n\t            <\/div>\r\n              \t        <\/div>\r\n\t    \t<\/div> <!-- end container -->\r\n\t\t\t<\/div>\r\n\t\t\t\t\t<\/div>\n\t\t\t\t<\/div>\n\t\t\t\t\t<\/div>\n\t\t<\/div>\n\t\t\t\t\t\t\t<\/div>\n\t\t<\/section>\n\t\t\t\t\t\t\t<\/div>","protected":false},"excerpt":{"rendered":"Sobre nosotros UTower Somos UTower,\u00a0 un edificio de alquiler de departamentos exclusivo para estudiantes, donde nuestro principal objetivo es que vivas una experiencia universitaria inolvidable. Nuestro modelo de renta es por cama, por lo que UTower se encargar\u00e1 de gestionar las asignaciones de personas con las cuales compartes tu departamento o tambi\u00e9n puedes elegir con","protected":false},"author":1,"featured_media":0,"parent":0,"menu_order":0,"comment_status":"closed","ping_status":"closed","template":"elementor_header_footer","meta":{"_monsterinsights_skip_tracking":false,"_monsterinsights_sitenote_active":false,"_monsterinsights_sitenote_note":"","_monsterinsights_sitenote_category":0,"_joinchat":[],"footnotes":""},"class_list":["post-818","page","type-page","status-publish","hentry"],"aioseo_notices":[],"yoast_head":"<!-- This site is optimized with the Yoast SEO plugin v26.5 - https:\/\/yoast.com\/wordpress\/plugins\/seo\/ -->\n<title>Nosotros - UTower<\/title>\n<meta name=\"robots\" content=\"noindex, follow, max-snippet:-1, max-image-preview:large, max-video-preview:-1\" \/>\n<meta property=\"og:locale\" content=\"en_US\" \/>\n<meta property=\"og:type\" content=\"article\" \/>\n<meta property=\"og:title\" content=\"Nosotros - UTower\" \/>\n<meta property=\"og:description\" content=\"Sobre nosotros UTower Somos UTower,\u00a0 un edificio de alquiler de departamentos exclusivo para estudiantes, donde nuestro principal objetivo es que vivas una experiencia universitaria inolvidable. Nuestro modelo de renta es por cama, por lo que UTower se encargar\u00e1 de gestionar las asignaciones de personas con las cuales compartes tu departamento o tambi\u00e9n puedes elegir con\" \/>\n<meta property=\"og:url\" content=\"https:\/\/utower.mx\/en\/nosotros\/\" \/>\n<meta property=\"og:site_name\" content=\"UTower\" \/>\n<meta property=\"article:publisher\" content=\"https:\/\/www.facebook.com\/utowermty\/\" \/>\n<meta property=\"article:modified_time\" content=\"2025-12-01T22:23:12+00:00\" \/>\n<meta property=\"og:image\" content=\"https:\/\/utower.mx\/wp-content\/uploads\/2023\/11\/Nosotros-UTower.png\" \/>\n<meta name=\"twitter:card\" content=\"summary_large_image\" \/>\n<meta name=\"twitter:label1\" content=\"Est. reading time\" \/>\n\t<meta name=\"twitter:data1\" content=\"2 minutes\" \/>\n<script type=\"application\/ld+json\" class=\"yoast-schema-graph\">{\"@context\":\"https:\/\/schema.org\",\"@graph\":[{\"@type\":\"WebPage\",\"@id\":\"https:\/\/utower.mx\/en\/nosotros\/\",\"url\":\"https:\/\/utower.mx\/en\/nosotros\/\",\"name\":\"Nosotros - UTower\",\"isPartOf\":{\"@id\":\"https:\/\/utower.mx\/en\/#website\"},\"primaryImageOfPage\":{\"@id\":\"https:\/\/utower.mx\/en\/nosotros\/#primaryimage\"},\"image\":{\"@id\":\"https:\/\/utower.mx\/en\/nosotros\/#primaryimage\"},\"thumbnailUrl\":\"https:\/\/utower.mx\/wp-content\/uploads\/2023\/11\/Nosotros-UTower.png\",\"datePublished\":\"2023-09-14T17:03:58+00:00\",\"dateModified\":\"2025-12-01T22:23:12+00:00\",\"breadcrumb\":{\"@id\":\"https:\/\/utower.mx\/en\/nosotros\/#breadcrumb\"},\"inLanguage\":\"en-US\",\"potentialAction\":[{\"@type\":\"ReadAction\",\"target\":[\"https:\/\/utower.mx\/en\/nosotros\/\"]}]},{\"@type\":\"ImageObject\",\"inLanguage\":\"en-US\",\"@id\":\"https:\/\/utower.mx\/en\/nosotros\/#primaryimage\",\"url\":\"https:\/\/utower.mx\/wp-content\/uploads\/2023\/11\/Nosotros-UTower.png\",\"contentUrl\":\"https:\/\/utower.mx\/wp-content\/uploads\/2023\/11\/Nosotros-UTower.png\"},{\"@type\":\"BreadcrumbList\",\"@id\":\"https:\/\/utower.mx\/en\/nosotros\/#breadcrumb\",\"itemListElement\":[{\"@type\":\"ListItem\",\"position\":1,\"name\":\"Inicio\",\"item\":\"https:\/\/utower.mx\/en\/\"},{\"@type\":\"ListItem\",\"position\":2,\"name\":\"Nosotros\"}]},{\"@type\":\"WebSite\",\"@id\":\"https:\/\/utower.mx\/en\/#website\",\"url\":\"https:\/\/utower.mx\/en\/\",\"name\":\"UTower\",\"description\":\"\",\"publisher\":{\"@id\":\"https:\/\/utower.mx\/en\/#organization\"},\"potentialAction\":[{\"@type\":\"SearchAction\",\"target\":{\"@type\":\"EntryPoint\",\"urlTemplate\":\"https:\/\/utower.mx\/en\/?s={search_term_string}\"},\"query-input\":{\"@type\":\"PropertyValueSpecification\",\"valueRequired\":true,\"valueName\":\"search_term_string\"}}],\"inLanguage\":\"en-US\"},{\"@type\":\"Organization\",\"@id\":\"https:\/\/utower.mx\/en\/#organization\",\"name\":\"UTower\",\"url\":\"https:\/\/utower.mx\/en\/\",\"logo\":{\"@type\":\"ImageObject\",\"inLanguage\":\"en-US\",\"@id\":\"https:\/\/utower.mx\/en\/#\/schema\/logo\/image\/\",\"url\":\"https:\/\/utower.mx\/wp-content\/uploads\/2023\/10\/UTower_Logotipo-Website.png\",\"contentUrl\":\"https:\/\/utower.mx\/wp-content\/uploads\/2023\/10\/UTower_Logotipo-Website.png\",\"width\":730,\"height\":209,\"caption\":\"UTower\"},\"image\":{\"@id\":\"https:\/\/utower.mx\/en\/#\/schema\/logo\/image\/\"},\"sameAs\":[\"https:\/\/www.facebook.com\/utowermty\/\",\"https:\/\/www.instagram.com\/utowermty?igshid=MzRlODBiNWFlZA\",\"https:\/\/www.tiktok.com\/@utowermty?_t=8fKfIz2YyVZ&_r=1\"]}]}<\/script>\n<!-- \/ Yoast SEO plugin. -->","yoast_head_json":{"title":"Nosotros - UTower","robots":{"index":"noindex","follow":"follow","max-snippet":"max-snippet:-1","max-image-preview":"max-image-preview:large","max-video-preview":"max-video-preview:-1"},"og_locale":"en_US","og_type":"article","og_title":"Nosotros - UTower","og_description":"Sobre nosotros UTower Somos UTower,\u00a0 un edificio de alquiler de departamentos exclusivo para estudiantes, donde nuestro principal objetivo es que vivas una experiencia universitaria inolvidable. Nuestro modelo de renta es por cama, por lo que UTower se encargar\u00e1 de gestionar las asignaciones de personas con las cuales compartes tu departamento o tambi\u00e9n puedes elegir con","og_url":"https:\/\/utower.mx\/en\/nosotros\/","og_site_name":"UTower","article_publisher":"https:\/\/www.facebook.com\/utowermty\/","article_modified_time":"2025-12-01T22:23:12+00:00","og_image":[{"url":"https:\/\/utower.mx\/wp-content\/uploads\/2023\/11\/Nosotros-UTower.png","type":"","width":"","height":""}],"twitter_card":"summary_large_image","twitter_misc":{"Est. reading time":"2 minutes"},"schema":{"@context":"https:\/\/schema.org","@graph":[{"@type":"WebPage","@id":"https:\/\/utower.mx\/en\/nosotros\/","url":"https:\/\/utower.mx\/en\/nosotros\/","name":"Nosotros - UTower","isPartOf":{"@id":"https:\/\/utower.mx\/en\/#website"},"primaryImageOfPage":{"@id":"https:\/\/utower.mx\/en\/nosotros\/#primaryimage"},"image":{"@id":"https:\/\/utower.mx\/en\/nosotros\/#primaryimage"},"thumbnailUrl":"https:\/\/utower.mx\/wp-content\/uploads\/2023\/11\/Nosotros-UTower.png","datePublished":"2023-09-14T17:03:58+00:00","dateModified":"2025-12-01T22:23:12+00:00","breadcrumb":{"@id":"https:\/\/utower.mx\/en\/nosotros\/#breadcrumb"},"inLanguage":"en-US","potentialAction":[{"@type":"ReadAction","target":["https:\/\/utower.mx\/en\/nosotros\/"]}]},{"@type":"ImageObject","inLanguage":"en-US","@id":"https:\/\/utower.mx\/en\/nosotros\/#primaryimage","url":"https:\/\/utower.mx\/wp-content\/uploads\/2023\/11\/Nosotros-UTower.png","contentUrl":"https:\/\/utower.mx\/wp-content\/uploads\/2023\/11\/Nosotros-UTower.png"},{"@type":"BreadcrumbList","@id":"https:\/\/utower.mx\/en\/nosotros\/#breadcrumb","itemListElement":[{"@type":"ListItem","position":1,"name":"Inicio","item":"https:\/\/utower.mx\/en\/"},{"@type":"ListItem","position":2,"name":"Nosotros"}]},{"@type":"WebSite","@id":"https:\/\/utower.mx\/en\/#website","url":"https:\/\/utower.mx\/en\/","name":"UTower","description":"","publisher":{"@id":"https:\/\/utower.mx\/en\/#organization"},"potentialAction":[{"@type":"SearchAction","target":{"@type":"EntryPoint","urlTemplate":"https:\/\/utower.mx\/en\/?s={search_term_string}"},"query-input":{"@type":"PropertyValueSpecification","valueRequired":true,"valueName":"search_term_string"}}],"inLanguage":"en-US"},{"@type":"Organization","@id":"https:\/\/utower.mx\/en\/#organization","name":"UTower","url":"https:\/\/utower.mx\/en\/","logo":{"@type":"ImageObject","inLanguage":"en-US","@id":"https:\/\/utower.mx\/en\/#\/schema\/logo\/image\/","url":"https:\/\/utower.mx\/wp-content\/uploads\/2023\/10\/UTower_Logotipo-Website.png","contentUrl":"https:\/\/utower.mx\/wp-content\/uploads\/2023\/10\/UTower_Logotipo-Website.png","width":730,"height":209,"caption":"UTower"},"image":{"@id":"https:\/\/utower.mx\/en\/#\/schema\/logo\/image\/"},"sameAs":["https:\/\/www.facebook.com\/utowermty\/","https:\/\/www.instagram.com\/utowermty?igshid=MzRlODBiNWFlZA","https:\/\/www.tiktok.com\/@utowermty?_t=8fKfIz2YyVZ&_r=1"]}]}},"_links":{"self":[{"href":"https:\/\/utower.mx\/en\/wp-json\/wp\/v2\/pages\/818","targetHints":{"allow":["GET"]}}],"collection":[{"href":"https:\/\/utower.mx\/en\/wp-json\/wp\/v2\/pages"}],"about":[{"href":"https:\/\/utower.mx\/en\/wp-json\/wp\/v2\/types\/page"}],"author":[{"embeddable":true,"href":"https:\/\/utower.mx\/en\/wp-json\/wp\/v2\/users\/1"}],"replies":[{"embeddable":true,"href":"https:\/\/utower.mx\/en\/wp-json\/wp\/v2\/comments?post=818"}],"version-history":[{"count":92,"href":"https:\/\/utower.mx\/en\/wp-json\/wp\/v2\/pages\/818\/revisions"}],"predecessor-version":[{"id":2841,"href":"https:\/\/utower.mx\/en\/wp-json\/wp\/v2\/pages\/818\/revisions\/2841"}],"wp:attachment":[{"href":"https:\/\/utower.mx\/en\/wp-json\/wp\/v2\/media?parent=818"}],"curies":[{"name":"wp","href":"https:\/\/api.w.org\/{rel}","templated":true}]}}